{"id":623,"date":"2021-01-21T10:58:03","date_gmt":"2021-01-21T10:58:03","guid":{"rendered":"https:\/\/raphaeldantz.s.nomatter.dev\/homepage\/"},"modified":"2025-03-26T07:44:21","modified_gmt":"2025-03-26T07:44:21","slug":"raphael-dantz-joaillerie","status":"publish","type":"page","link":"https:\/\/raphaeldantz.s.nomatter.dev\/en\/","title":{"rendered":"Homepage"},"content":{"rendered":"","protected":false},"excerpt":{"rendered":"","protected":false},"author":4,"featured_media":3125,"parent":0,"menu_order":0,"comment_status":"closed","ping_status":"closed","template":"","meta":{"_acf_changed":false,"footnotes":""},"acf":[],"yoast_head":"<!-- This site is optimized with the Yoast SEO plugin v26.2 - https:\/\/yoast.com\/wordpress\/plugins\/seo\/ -->\n<title>Raphael Dantz &#8212; Artisan Jeweller Creator<\/title>\n<meta name=\"description\" content=\"Rapha\u00ebl Dantz Joaillerie - Artisan Joaillier Cr\u00e9ateur - Pi\u00e8ces uniques et sur-mesure | collection EAKAN | collection METROPOLITAN - Bijoux Modernes &amp; Uniques r\u00e9alis\u00e9s \u00e0 la main toujours en qu\u00eate d&#039;Esth\u00e9tisme &amp; de Sens Joaillerie en or recycl\u00e9 18k - Fabriqu\u00e9 \u00e0 Cannes dans notre atelier\" \/>\n<meta name=\"robots\" content=\"noindex, follow, max-snippet:-1, max-image-preview:large, max-video-preview:-1\" \/>\n<meta property=\"og:locale\" content=\"en_US\" \/>\n<meta property=\"og:type\" content=\"article\" \/>\n<meta property=\"og:title\" content=\"Rapha\u00ebl Dantz Joaillerie\" \/>\n<meta property=\"og:description\" content=\"Rapha\u00ebl Dantz Joaillerie - Artisan Jeweller Creator - Unique and custom-made pieces | EAKAN collection | METROPOLITAN collection - Modern &amp; Unique Jewellery, handmade, always in search of Aestheticism &amp; MeaningRecycled 18k gold jewellery - Handmade in Cannes in our workshop\" \/>\n<meta property=\"og:url\" content=\"https:\/\/raphaeldantz.s.nomatter.dev\/en\/\" \/>\n<meta property=\"og:site_name\" content=\"Raphael Dantz\" \/>\n<meta property=\"article:modified_time\" content=\"2025-03-26T07:44:21+00:00\" \/>\n<meta property=\"og:image\" content=\"https:\/\/static.raphaeldantz.com\/wp-content\/uploads\/2022\/11\/Photo\u00a9yan-forhan-IMG_0140-scaled-e1679507404271.jpg\" \/>\n\t<meta property=\"og:image:width\" content=\"1530\" \/>\n\t<meta property=\"og:image:height\" content=\"860\" \/>\n\t<meta property=\"og:image:type\" content=\"image\/jpeg\" \/>\n<meta name=\"twitter:card\" content=\"summary_large_image\" \/>\n<script type=\"application\/ld+json\" class=\"yoast-schema-graph\">{\"@context\":\"https:\/\/schema.org\",\"@graph\":[{\"@type\":\"WebPage\",\"@id\":\"https:\/\/raphaeldantz.s.nomatter.dev\/en\/\",\"url\":\"https:\/\/raphaeldantz.s.nomatter.dev\/en\/\",\"name\":\"Raphael Dantz &#8212; Artisan Jeweller Creator\",\"isPartOf\":{\"@id\":\"https:\/\/raphaeldantz.s.nomatter.dev\/en\/#website\"},\"primaryImageOfPage\":{\"@id\":\"https:\/\/raphaeldantz.s.nomatter.dev\/en\/#primaryimage\"},\"image\":{\"@id\":\"https:\/\/raphaeldantz.s.nomatter.dev\/en\/#primaryimage\"},\"thumbnailUrl\":\"https:\/\/raphaeldantz.s.nomatter.dev\/wp-content\/uploads\/2023\/04\/raphael-dantz-metropolitan-bagues-or-blanc-diamant-bo-baguette-metropolis-expression-zoom.jpg\",\"datePublished\":\"2021-01-21T10:58:03+00:00\",\"dateModified\":\"2025-03-26T07:44:21+00:00\",\"description\":\"Rapha\u00ebl Dantz Joaillerie - Artisan Joaillier Cr\u00e9ateur - Pi\u00e8ces uniques et sur-mesure | collection EAKAN | collection METROPOLITAN - Bijoux Modernes & Uniques r\u00e9alis\u00e9s \u00e0 la main toujours en qu\u00eate d'Esth\u00e9tisme & de Sens Joaillerie en or recycl\u00e9 18k - Fabriqu\u00e9 \u00e0 Cannes dans notre atelier\",\"breadcrumb\":{\"@id\":\"https:\/\/raphaeldantz.s.nomatter.dev\/en\/#breadcrumb\"},\"inLanguage\":\"en-US\",\"potentialAction\":[{\"@type\":\"ReadAction\",\"target\":[\"https:\/\/raphaeldantz.s.nomatter.dev\/en\/\"]}]},{\"@type\":\"ImageObject\",\"inLanguage\":\"en-US\",\"@id\":\"https:\/\/raphaeldantz.s.nomatter.dev\/en\/#primaryimage\",\"url\":\"https:\/\/raphaeldantz.s.nomatter.dev\/wp-content\/uploads\/2023\/04\/raphael-dantz-metropolitan-bagues-or-blanc-diamant-bo-baguette-metropolis-expression-zoom.jpg\",\"contentUrl\":\"https:\/\/raphaeldantz.s.nomatter.dev\/wp-content\/uploads\/2023\/04\/raphael-dantz-metropolitan-bagues-or-blanc-diamant-bo-baguette-metropolis-expression-zoom.jpg\",\"width\":930,\"height\":1200},{\"@type\":\"BreadcrumbList\",\"@id\":\"https:\/\/raphaeldantz.s.nomatter.dev\/en\/#breadcrumb\",\"itemListElement\":[{\"@type\":\"ListItem\",\"position\":1,\"name\":\"Home\",\"item\":\"https:\/\/raphaeldantz.s.nomatter.dev\/en\/\"},{\"@type\":\"ListItem\",\"position\":2,\"name\":\"Homepage\"}]},{\"@type\":\"WebSite\",\"@id\":\"https:\/\/raphaeldantz.s.nomatter.dev\/en\/#website\",\"url\":\"https:\/\/raphaeldantz.s.nomatter.dev\/en\/\",\"name\":\"Raphael Dantz\",\"description\":\"Artisan Jeweller Creator\",\"publisher\":{\"@id\":\"https:\/\/raphaeldantz.s.nomatter.dev\/en\/#organization\"},\"potentialAction\":[{\"@type\":\"SearchAction\",\"target\":{\"@type\":\"EntryPoint\",\"urlTemplate\":\"https:\/\/raphaeldantz.s.nomatter.dev\/en\/?s={search_term_string}\"},\"query-input\":{\"@type\":\"PropertyValueSpecification\",\"valueRequired\":true,\"valueName\":\"search_term_string\"}}],\"inLanguage\":\"en-US\"},{\"@type\":\"Organization\",\"@id\":\"https:\/\/raphaeldantz.s.nomatter.dev\/en\/#organization\",\"name\":\"Raphael Dantz\",\"url\":\"https:\/\/raphaeldantz.s.nomatter.dev\/en\/\",\"logo\":{\"@type\":\"ImageObject\",\"inLanguage\":\"en-US\",\"@id\":\"https:\/\/raphaeldantz.s.nomatter.dev\/en\/#\/schema\/logo\/image\/\",\"url\":\"https:\/\/static.raphaeldantz.com\/wp-content\/uploads\/2023\/02\/raphael-datnz-logo.png\",\"contentUrl\":\"https:\/\/static.raphaeldantz.com\/wp-content\/uploads\/2023\/02\/raphael-datnz-logo.png\",\"width\":1000,\"height\":1000,\"caption\":\"Raphael Dantz\"},\"image\":{\"@id\":\"https:\/\/raphaeldantz.s.nomatter.dev\/en\/#\/schema\/logo\/image\/\"},\"sameAs\":[\"https:\/\/www.instagram.com\/raphaeldantzjoaillerie\/\"]}]}<\/script>\n<!-- \/ Yoast SEO plugin. -->","yoast_head_json":{"title":"Raphael Dantz &#8212; Artisan Jeweller Creator","description":"Rapha\u00ebl Dantz Joaillerie - Artisan Joaillier Cr\u00e9ateur - Pi\u00e8ces uniques et sur-mesure | collection EAKAN | collection METROPOLITAN - Bijoux Modernes & Uniques r\u00e9alis\u00e9s \u00e0 la main toujours en qu\u00eate d'Esth\u00e9tisme & de Sens Joaillerie en or recycl\u00e9 18k - Fabriqu\u00e9 \u00e0 Cannes dans notre atelier","robots":{"index":"noindex","follow":"follow","max-snippet":"max-snippet:-1","max-image-preview":"max-image-preview:large","max-video-preview":"max-video-preview:-1"},"og_locale":"en_US","og_type":"article","og_title":"Rapha\u00ebl Dantz Joaillerie","og_description":"Rapha\u00ebl Dantz Joaillerie - Artisan Jeweller Creator - Unique and custom-made pieces | EAKAN collection | METROPOLITAN collection - Modern & Unique Jewellery, handmade, always in search of Aestheticism & MeaningRecycled 18k gold jewellery - Handmade in Cannes in our workshop","og_url":"https:\/\/raphaeldantz.s.nomatter.dev\/en\/","og_site_name":"Raphael Dantz","article_modified_time":"2025-03-26T07:44:21+00:00","og_image":[{"width":1530,"height":860,"url":"https:\/\/static.raphaeldantz.com\/wp-content\/uploads\/2022\/11\/Photo\u00a9yan-forhan-IMG_0140-scaled-e1679507404271.jpg","type":"image\/jpeg"}],"twitter_card":"summary_large_image","schema":{"@context":"https:\/\/schema.org","@graph":[{"@type":"WebPage","@id":"https:\/\/raphaeldantz.s.nomatter.dev\/en\/","url":"https:\/\/raphaeldantz.s.nomatter.dev\/en\/","name":"Raphael Dantz &#8212; Artisan Jeweller Creator","isPartOf":{"@id":"https:\/\/raphaeldantz.s.nomatter.dev\/en\/#website"},"primaryImageOfPage":{"@id":"https:\/\/raphaeldantz.s.nomatter.dev\/en\/#primaryimage"},"image":{"@id":"https:\/\/raphaeldantz.s.nomatter.dev\/en\/#primaryimage"},"thumbnailUrl":"https:\/\/raphaeldantz.s.nomatter.dev\/wp-content\/uploads\/2023\/04\/raphael-dantz-metropolitan-bagues-or-blanc-diamant-bo-baguette-metropolis-expression-zoom.jpg","datePublished":"2021-01-21T10:58:03+00:00","dateModified":"2025-03-26T07:44:21+00:00","description":"Rapha\u00ebl Dantz Joaillerie - Artisan Joaillier Cr\u00e9ateur - Pi\u00e8ces uniques et sur-mesure | collection EAKAN | collection METROPOLITAN - Bijoux Modernes & Uniques r\u00e9alis\u00e9s \u00e0 la main toujours en qu\u00eate d'Esth\u00e9tisme & de Sens Joaillerie en or recycl\u00e9 18k - Fabriqu\u00e9 \u00e0 Cannes dans notre atelier","breadcrumb":{"@id":"https:\/\/raphaeldantz.s.nomatter.dev\/en\/#breadcrumb"},"inLanguage":"en-US","potentialAction":[{"@type":"ReadAction","target":["https:\/\/raphaeldantz.s.nomatter.dev\/en\/"]}]},{"@type":"ImageObject","inLanguage":"en-US","@id":"https:\/\/raphaeldantz.s.nomatter.dev\/en\/#primaryimage","url":"https:\/\/raphaeldantz.s.nomatter.dev\/wp-content\/uploads\/2023\/04\/raphael-dantz-metropolitan-bagues-or-blanc-diamant-bo-baguette-metropolis-expression-zoom.jpg","contentUrl":"https:\/\/raphaeldantz.s.nomatter.dev\/wp-content\/uploads\/2023\/04\/raphael-dantz-metropolitan-bagues-or-blanc-diamant-bo-baguette-metropolis-expression-zoom.jpg","width":930,"height":1200},{"@type":"BreadcrumbList","@id":"https:\/\/raphaeldantz.s.nomatter.dev\/en\/#breadcrumb","itemListElement":[{"@type":"ListItem","position":1,"name":"Home","item":"https:\/\/raphaeldantz.s.nomatter.dev\/en\/"},{"@type":"ListItem","position":2,"name":"Homepage"}]},{"@type":"WebSite","@id":"https:\/\/raphaeldantz.s.nomatter.dev\/en\/#website","url":"https:\/\/raphaeldantz.s.nomatter.dev\/en\/","name":"Raphael Dantz","description":"Artisan Jeweller Creator","publisher":{"@id":"https:\/\/raphaeldantz.s.nomatter.dev\/en\/#organization"},"potentialAction":[{"@type":"SearchAction","target":{"@type":"EntryPoint","urlTemplate":"https:\/\/raphaeldantz.s.nomatter.dev\/en\/?s={search_term_string}"},"query-input":{"@type":"PropertyValueSpecification","valueRequired":true,"valueName":"search_term_string"}}],"inLanguage":"en-US"},{"@type":"Organization","@id":"https:\/\/raphaeldantz.s.nomatter.dev\/en\/#organization","name":"Raphael Dantz","url":"https:\/\/raphaeldantz.s.nomatter.dev\/en\/","logo":{"@type":"ImageObject","inLanguage":"en-US","@id":"https:\/\/raphaeldantz.s.nomatter.dev\/en\/#\/schema\/logo\/image\/","url":"https:\/\/static.raphaeldantz.com\/wp-content\/uploads\/2023\/02\/raphael-datnz-logo.png","contentUrl":"https:\/\/static.raphaeldantz.com\/wp-content\/uploads\/2023\/02\/raphael-datnz-logo.png","width":1000,"height":1000,"caption":"Raphael Dantz"},"image":{"@id":"https:\/\/raphaeldantz.s.nomatter.dev\/en\/#\/schema\/logo\/image\/"},"sameAs":["https:\/\/www.instagram.com\/raphaeldantzjoaillerie\/"]}]}},"_links":{"self":[{"href":"https:\/\/raphaeldantz.s.nomatter.dev\/en\/wp-json\/wp\/v2\/pages\/623"}],"collection":[{"href":"https:\/\/raphaeldantz.s.nomatter.dev\/en\/wp-json\/wp\/v2\/pages"}],"about":[{"href":"https:\/\/raphaeldantz.s.nomatter.dev\/en\/wp-json\/wp\/v2\/types\/page"}],"author":[{"embeddable":true,"href":"https:\/\/raphaeldantz.s.nomatter.dev\/en\/wp-json\/wp\/v2\/users\/4"}],"replies":[{"embeddable":true,"href":"https:\/\/raphaeldantz.s.nomatter.dev\/en\/wp-json\/wp\/v2\/comments?post=623"}],"version-history":[{"count":13,"href":"https:\/\/raphaeldantz.s.nomatter.dev\/en\/wp-json\/wp\/v2\/pages\/623\/revisions"}],"predecessor-version":[{"id":3398,"href":"https:\/\/raphaeldantz.s.nomatter.dev\/en\/wp-json\/wp\/v2\/pages\/623\/revisions\/3398"}],"wp:featuredmedia":[{"embeddable":true,"href":"https:\/\/raphaeldantz.s.nomatter.dev\/en\/wp-json\/wp\/v2\/media\/3125"}],"wp:attachment":[{"href":"https:\/\/raphaeldantz.s.nomatter.dev\/en\/wp-json\/wp\/v2\/media?parent=623"}],"curies":[{"name":"wp","href":"https:\/\/api.w.org\/{rel}","templated":true}]}}